{"id":2,"date":"2025-03-09T12:12:55","date_gmt":"2025-03-09T11:12:55","guid":{"rendered":"https:\/\/laetus.pl\/?page_id=2"},"modified":"2025-08-04T16:13:05","modified_gmt":"2025-08-04T14:13:05","slug":"przykladowa-strona","status":"publish","type":"page","link":"https:\/\/laetus.pl\/home\/","title":{"rendered":"Home"},"content":{"rendered":"\n<div class=\"wp-block-uagb-container uagb-block-7a95a7f3 default uagb-is-root-container\">\n<div class=\"wp-block-uagb-container uagb-block-c9e80a18 default uagb-is-root-container\">\n<div class=\"wp-block-uagb-icon-list uagb-block-f5909ec0\"><div class=\"uagb-icon-list__wrap\">\n<div class=\"wp-block-uagb-icon-list-child uagb-block-b2a758cd\"><a target=\"_self\" aria-label=\"Strona g\u0142\u00f3wna\" rel=\"noopener noreferrer\" href=\"https:\/\/laetus.pl\/home\/\"> <\/a><span class=\"uagb-icon-list__source-wrap\"><svg xmlns=\"https:\/\/www.w3.org\/2000\/svg\" viewBox=\"0 0 320 512\"><path d=\"M96 480c-8.188 0-16.38-3.125-22.62-9.375c-12.5-12.5-12.5-32.75 0-45.25L242.8 256L73.38 86.63c-12.5-12.5-12.5-32.75 0-45.25s32.75-12.5 45.25 0l192 192c12.5 12.5 12.5 32.75 0 45.25l-192 192C112.4 476.9 104.2 480 96 480z\"><\/path><\/svg><\/span><span class=\"uagb-icon-list__label\">Strona g\u0142\u00f3wna<\/span><\/div>\n<\/div><\/div>\n<\/div>\n<\/div>\n\n\n\n<div class=\"wp-block-uagb-container uagb-block-8a9b2bf8 default uagb-is-root-container\">\n<div class=\"wp-block-uagb-container uagb-block-d5eeb3ea default uagb-is-root-container\">\n<div class=\"wp-block-uagb-info-box uagb-block-4f292cc3 uagb-infobox__content-wrap  uagb-infobox-icon-above-title uagb-infobox-image-valign-top wp-block-uagb-info-box--has-margin\"><div class=\"uagb-infobox-margin-wrapper\"><div class=\"uagb-ifb-content\"><div class=\"uagb-ifb-title-wrap\"><h6 class=\"uagb-ifb-title\">Wyj\u0105tkowe projekty graficzne dla Twojego biznesu<\/h6><\/div><p class=\"uagb-ifb-desc\">\u0141\u0105cz\u0119 estetyk\u0119 z funkcjonalno\u015bci\u0105, tworz\u0105c grafiki dopasowane do potrzeb Twojej marki. Ze mn\u0105 zyskasz sp\u00f3jn\u0105 i profesjonaln\u0105 opraw\u0119 wizualn\u0105, kt\u00f3ra dzia\u0142a na Twoj\u0105 korzy\u015b\u0107.<\/p><\/div><\/div><\/div>\n\n\n\n<div class=\"wp-block-uagb-info-box uagb-block-15d2d28f uagb-infobox__content-wrap  uagb-infobox-icon-above-title uagb-infobox-image-valign-top wp-block-uagb-info-box--has-margin\"><div class=\"uagb-infobox-margin-wrapper\"><div class=\"uagb-ifb-content\"><div class=\"uagb-ifb-title-wrap\"><\/div><div class=\"uagb-ifb-button-wrapper wp-block-button\"><a href=\"https:\/\/laetus.pl\/portfolio\/\" class=\"uagb-infobox-cta-link wp-block-button__link\" target=\"_self\" rel=\"noopener noreferrer\" onclick=\"return true;\"><span class=\"uagb-inline-editing\">Zobacz portfolio<\/span><svg xmlns=\"https:\/\/www.w3.org\/2000\/svg\" viewBox=\"0 0 512 512\"><path d=\"M504.3 273.6l-112.1 104c-6.992 6.484-17.18 8.218-25.94 4.406c-8.758-3.812-14.42-12.45-14.42-21.1L351.9 288H32C14.33 288 .0002 273.7 .0002 255.1S14.33 224 32 224h319.9l0-72c0-9.547 5.66-18.19 14.42-22c8.754-3.809 18.95-2.075 25.94 4.41l112.1 104C514.6 247.9 514.6 264.1 504.3 273.6z\"><\/path><\/svg><\/a><\/div><\/div><\/div><\/div>\n<\/div>\n\n\n\n<div class=\"wp-block-uagb-container uagb-block-2e2ae8a9 default uagb-is-root-container\">\n<div class=\"wp-block-uagb-info-box uagb-block-85072278 uagb-infobox__content-wrap  uagb-infobox-icon-above-title uagb-infobox-image-valign-top wp-block-uagb-info-box--has-margin\"><div class=\"uagb-infobox-margin-wrapper\"><div class=\"uagb-ifb-content\"><div class=\"uagb-ifb-title-wrap\"><h6 class=\"uagb-ifb-title\">Co oferuj\u0119?<\/h6><\/div><p class=\"uagb-ifb-desc\">&#8211; Logotypy<br>&#8211; Materia\u0142y reklamowe<br>&#8211; Grafiki cyfrowe<br>&#8211; Filmy kr\u00f3tkometra\u017cowe typu &#8222;Reels&#8221; i nie tylko<br>&#8211; Fotorelacje<br>&#8211; Zdj\u0119cia produktowe<\/p><\/div><\/div><\/div>\n<\/div>\n<\/div>\n","protected":false},"excerpt":{"rendered":"","protected":false},"author":1,"featured_media":0,"parent":0,"menu_order":0,"comment_status":"closed","ping_status":"open","template":"","meta":{"_uag_custom_page_level_css":"","_swt_meta_header_display":false,"_swt_meta_footer_display":false,"_swt_meta_site_title_display":false,"_swt_meta_sticky_header":false,"_swt_meta_transparent_header":false,"footnotes":""},"class_list":["post-2","page","type-page","status-publish","hentry"],"uagb_featured_image_src":{"full":false,"thumbnail":false,"medium":false,"medium_large":false,"large":false,"1536x1536":false,"2048x2048":false},"uagb_author_info":{"display_name":"v0l4k","author_link":"https:\/\/laetus.pl\/home\/author\/v0l4k\/"},"uagb_comment_info":0,"uagb_excerpt":null,"_links":{"self":[{"href":"https:\/\/laetus.pl\/home\/wp-json\/wp\/v2\/pages\/2","targetHints":{"allow":["GET"]}}],"collection":[{"href":"https:\/\/laetus.pl\/home\/wp-json\/wp\/v2\/pages"}],"about":[{"href":"https:\/\/laetus.pl\/home\/wp-json\/wp\/v2\/types\/page"}],"author":[{"embeddable":true,"href":"https:\/\/laetus.pl\/home\/wp-json\/wp\/v2\/users\/1"}],"replies":[{"embeddable":true,"href":"https:\/\/laetus.pl\/home\/wp-json\/wp\/v2\/comments?post=2"}],"version-history":[{"count":26,"href":"https:\/\/laetus.pl\/home\/wp-json\/wp\/v2\/pages\/2\/revisions"}],"predecessor-version":[{"id":633,"href":"https:\/\/laetus.pl\/home\/wp-json\/wp\/v2\/pages\/2\/revisions\/633"}],"wp:attachment":[{"href":"https:\/\/laetus.pl\/home\/wp-json\/wp\/v2\/media?parent=2"}],"curies":[{"name":"wp","href":"https:\/\/api.w.org\/{rel}","templated":true}]}}